{"id":340,"date":"2022-06-22T20:16:31","date_gmt":"2022-06-22T20:16:31","guid":{"rendered":"https:\/\/johannesvonbuttlar-schlagzeug.de\/?page_id=340"},"modified":"2025-01-26T16:47:29","modified_gmt":"2025-01-26T16:47:29","slug":"schlagzeug-ensemble","status":"publish","type":"page","link":"https:\/\/johannesvonbuttlar-schlagzeug.de\/?page_id=340","title":{"rendered":"Improvising Percussion Sextett"},"content":{"rendered":"\n<div style=\"height:20px\" aria-hidden=\"true\" class=\"wp-block-spacer\"><\/div>\n\n\n\n<p>JVB IPS `Johannes v. Buttlar Improvising Percussion Sextett\u00b4 vereint sechs Schlagzeuger aus dem deutschen Raum. Sie teilen Ihre gemeinsame Vorliebe f\u00fcr die Welt der Percussion und f\u00fcr improvisierte\/ konzipierte Musik.<\/p>\n\n\n\n<div style=\"height:21px\" aria-hidden=\"true\" class=\"wp-block-spacer\"><\/div>\n\n\n\n<figure class=\"wp-block-embed is-type-video is-provider-youtube wp-block-embed-youtube wp-embed-aspect-16-9 wp-has-aspect-ratio\"><div class=\"wp-block-embed__wrapper\">\n<div class=\"arve\" data-mode=\"normal\" data-oembed=\"1\" data-provider=\"youtube\" id=\"arve-youtube-p07zgrh9nb469dfe16988b91137218722\">\n<span class=\"arve-inner\">\n<span class=\"arve-embed arve-embed--has-aspect-ratio\">\n<span class=\"arve-ar\" style=\"padding-top:56.250000%\"><\/span><iframe allow=\"accelerometer; autoplay; clipboard-write; encrypted-media; gyroscope; picture-in-picture\" allowfullscreen class=\"arve-iframe fitvidsignore\" data-arve=\"arve-youtube-p07zgrh9nb469dfe16988b91137218722\" data-src-no-ap=\"https:\/\/www.youtube-nocookie.com\/embed\/p07ZGrh9Nb4?feature=oembed&amp;iv_load_policy=3&amp;modestbranding=1&amp;rel=0&amp;autohide=1&amp;playsinline=0&amp;autoplay=0\" frameborder=\"0\" height=\"0\" sandbox=\"allow-scripts allow-same-origin allow-presentation allow-popups allow-popups-to-escape-sandbox\" scrolling=\"no\" src=\"https:\/\/www.youtube-nocookie.com\/embed\/p07ZGrh9Nb4?feature=oembed&#038;iv_load_policy=3&#038;modestbranding=1&#038;rel=0&#038;autohide=1&#038;playsinline=0&#038;autoplay=0\"><\/iframe>\n\n<\/span>\n\n<\/span>\n<script type=\"application\/ld+json\">{\"@context\":\"http:\\\/\\\/schema.org\\\/\",\"@id\":\"https:\\\/\\\/johannesvonbuttlar-schlagzeug.de\\\/?page_id=340#arve-youtube-p07zgrh9nb469dfe16988b91137218722\",\"type\":\"VideoObject\",\"embedURL\":\"https:\\\/\\\/www.youtube-nocookie.com\\\/embed\\\/p07ZGrh9Nb4?feature=oembed&iv_load_policy=3&modestbranding=1&rel=0&autohide=1&playsinline=0&autoplay=0\"}<\/script>\n<\/div>\n\n<\/div><\/figure>\n\n\n\n<div style=\"height:67px\" aria-hidden=\"true\" class=\"wp-block-spacer\"><\/div>\n\n\n\n<figure class=\"wp-block-image size-large\"><img loading=\"lazy\" decoding=\"async\" width=\"1024\" height=\"562\" src=\"https:\/\/johannesvonbuttlar-schlagzeug.de\/wp-content\/uploads\/2025\/01\/Bildschirm\u00adfoto-2024-06-18-um-04.53.45-1024x562.png\" alt=\"\" class=\"wp-image-698\" srcset=\"https:\/\/johannesvonbuttlar-schlagzeug.de\/wp-content\/uploads\/2025\/01\/Bildschirm\u00adfoto-2024-06-18-um-04.53.45-1024x562.png 1024w, https:\/\/johannesvonbuttlar-schlagzeug.de\/wp-content\/uploads\/2025\/01\/Bildschirm\u00adfoto-2024-06-18-um-04.53.45-300x165.png 300w, https:\/\/johannesvonbuttlar-schlagzeug.de\/wp-content\/uploads\/2025\/01\/Bildschirm\u00adfoto-2024-06-18-um-04.53.45-768x422.png 768w, https:\/\/johannesvonbuttlar-schlagzeug.de\/wp-content\/uploads\/2025\/01\/Bildschirm\u00adfoto-2024-06-18-um-04.53.45-1536x844.png 1536w, https:\/\/johannesvonbuttlar-schlagzeug.de\/wp-content\/uploads\/2025\/01\/Bildschirm\u00adfoto-2024-06-18-um-04.53.45-2048x1125.png 2048w\" sizes=\"auto, (max-width: 1024px) 100vw, 1024px\" \/><\/figure>\n\n\n\n<div style=\"height:45px\" aria-hidden=\"true\" class=\"wp-block-spacer\"><\/div>\n\n\n\n<p>Das Bespielen imposanter Industriekultur St\u00e4tten mit Schlagwerk verspricht ein doppelt intensives Kultur- und Konzerterlebnis. Wir schneidern die Konzerte auf die Spielorte zu, suchen und verwenden Industrie- Kl\u00e4nge die wir vor Ort &#8222;aufsp\u00fcren&#8220;, gestalten die Konzerte als Rundg\u00e4nge und nehmen das Publikum mit, das den Ort w\u00e4hrend des Konzerts nicht nur besichtigt, auch erh\u00f6rt.<\/p>\n\n\n\n<p>Johannes v. Buttlar, Steffen Roth, Christian Klein, Max Breu, Samuel D\u00fchsler, Vasco Trilla Video: Johannes Krell \/ Licht: Henning Schletter \/ Foto: Jakob Adolphi \/<\/p>\n\n\n\n<div style=\"height:71px\" aria-hidden=\"true\" class=\"wp-block-spacer\"><\/div>\n\n\n<div class=\"wp-block-image\">\n<figure class=\"aligncenter size-large\"><img loading=\"lazy\" decoding=\"async\" width=\"1024\" height=\"574\" src=\"https:\/\/johannesvonbuttlar-schlagzeug.de\/wp-content\/uploads\/2024\/06\/image-1024x574.jpg\" alt=\"\" class=\"wp-image-563\" srcset=\"https:\/\/johannesvonbuttlar-schlagzeug.de\/wp-content\/uploads\/2024\/06\/image-1024x574.jpg 1024w, https:\/\/johannesvonbuttlar-schlagzeug.de\/wp-content\/uploads\/2024\/06\/image-300x168.jpg 300w, https:\/\/johannesvonbuttlar-schlagzeug.de\/wp-content\/uploads\/2024\/06\/image-768x430.jpg 768w, https:\/\/johannesvonbuttlar-schlagzeug.de\/wp-content\/uploads\/2024\/06\/image-1536x861.jpg 1536w, https:\/\/johannesvonbuttlar-schlagzeug.de\/wp-content\/uploads\/2024\/06\/image-2048x1148.jpg 2048w\" sizes=\"auto, (max-width: 1024px) 100vw, 1024px\" \/><\/figure>\n<\/div>\n\n\n<div style=\"height:34px\" aria-hidden=\"true\" class=\"wp-block-spacer\"><\/div>\n\n\n<div class=\"wp-block-image\">\n<figure class=\"aligncenter size-large\"><img loading=\"lazy\" decoding=\"async\" width=\"1024\" height=\"683\" src=\"https:\/\/johannesvonbuttlar-schlagzeug.de\/wp-content\/uploads\/2024\/06\/G0A9126-1024x683.jpg\" alt=\"\" class=\"wp-image-569\" srcset=\"https:\/\/johannesvonbuttlar-schlagzeug.de\/wp-content\/uploads\/2024\/06\/G0A9126-1024x683.jpg 1024w, https:\/\/johannesvonbuttlar-schlagzeug.de\/wp-content\/uploads\/2024\/06\/G0A9126-300x200.jpg 300w, https:\/\/johannesvonbuttlar-schlagzeug.de\/wp-content\/uploads\/2024\/06\/G0A9126-768x512.jpg 768w, https:\/\/johannesvonbuttlar-schlagzeug.de\/wp-content\/uploads\/2024\/06\/G0A9126.jpg 1500w\" sizes=\"auto, (max-width: 1024px) 100vw, 1024px\" \/><figcaption class=\"wp-element-caption\">@ Jakob Adolphi<\/figcaption><\/figure>\n<\/div>\n\n\n<div style=\"height:33px\" aria-hidden=\"true\" class=\"wp-block-spacer\"><\/div>\n\n\n\n<p><\/p>\n\n\n\n<figure class=\"wp-block-embed is-type-rich is-provider-soundcloud wp-block-embed-soundcloud\"><div class=\"wp-block-embed__wrapper\">\n<iframe loading=\"lazy\" title=\"JVB IPS by JVB\" width=\"800\" height=\"400\" scrolling=\"no\" frameborder=\"no\" src=\"https:\/\/w.soundcloud.com\/player\/?visual=true&#038;url=https%3A%2F%2Fapi.soundcloud.com%2Ftracks%2F1431634462&#038;show_artwork=true&#038;maxheight=1000&#038;maxwidth=800\"><\/iframe>\n<\/div><\/figure>\n\n\n\n<p>Plakat: Stefan Pfeiffer<\/p>\n\n\n\n<figure class=\"wp-block-image size-large is-resized\"><img loading=\"lazy\" decoding=\"async\" width=\"724\" height=\"1024\" src=\"https:\/\/johannesvonbuttlar-schlagzeug.de\/wp-content\/uploads\/2024\/04\/JvB5.2-Kopie5-1-724x1024.jpg\" alt=\"\" class=\"wp-image-552\" style=\"width:467px;height:auto\" srcset=\"https:\/\/johannesvonbuttlar-schlagzeug.de\/wp-content\/uploads\/2024\/04\/JvB5.2-Kopie5-1-724x1024.jpg 724w, https:\/\/johannesvonbuttlar-schlagzeug.de\/wp-content\/uploads\/2024\/04\/JvB5.2-Kopie5-1-212x300.jpg 212w, https:\/\/johannesvonbuttlar-schlagzeug.de\/wp-content\/uploads\/2024\/04\/JvB5.2-Kopie5-1-768x1086.jpg 768w, https:\/\/johannesvonbuttlar-schlagzeug.de\/wp-content\/uploads\/2024\/04\/JvB5.2-Kopie5-1-1086x1536.jpg 1086w, https:\/\/johannesvonbuttlar-schlagzeug.de\/wp-content\/uploads\/2024\/04\/JvB5.2-Kopie5-1-1448x2048.jpg 1448w, https:\/\/johannesvonbuttlar-schlagzeug.de\/wp-content\/uploads\/2024\/04\/JvB5.2-Kopie5-1-scaled.jpg 1810w\" sizes=\"auto, (max-width: 724px) 100vw, 724px\" \/><\/figure>\n\n\n\n<div style=\"height:29px\" aria-hidden=\"true\" class=\"wp-block-spacer\"><\/div>\n\n\n\n<p>Das Bespielen imposanter Industriekultur St\u00e4tten mit Schlagwerk verspricht ein doppelt intensives Kultur- und Konzerterlebnis. Wir schneidern die Konzerte auf die Spielorte zu, suchen und verwenden Industrie- Kl\u00e4nge die wir vor Ort &#8222;aufsp\u00fcren&#8220;, gestalten die Konzerte als Rundg\u00e4nge und nehmen das Publikum mit, das den Ort w\u00e4hrend des Konzerts nicht nur besichtigt, auch erh\u00f6rt.<\/p>\n\n\n\n<div style=\"height:20px\" aria-hidden=\"true\" class=\"wp-block-spacer\"><\/div>\n\n\n\n<figure class=\"wp-block-embed is-type-video is-provider-youtube wp-block-embed-youtube wp-embed-aspect-16-9 wp-has-aspect-ratio\"><div class=\"wp-block-embed__wrapper\">\n<div class=\"arve\" data-mode=\"normal\" data-oembed=\"1\" data-provider=\"youtube\" id=\"arve-youtube-_chzvvwwnzy69dfe1698a523354668887\">\n<span class=\"arve-inner\">\n<span class=\"arve-embed arve-embed--has-aspect-ratio\">\n<span class=\"arve-ar\" style=\"padding-top:56.250000%\"><\/span><iframe allow=\"accelerometer; autoplay; clipboard-write; encrypted-media; gyroscope; picture-in-picture\" allowfullscreen class=\"arve-iframe fitvidsignore\" data-arve=\"arve-youtube-_chzvvwwnzy69dfe1698a523354668887\" data-src-no-ap=\"https:\/\/www.youtube-nocookie.com\/embed\/_cHZvvwwnzY?feature=oembed&amp;iv_load_policy=3&amp;modestbranding=1&amp;rel=0&amp;autohide=1&amp;playsinline=0&amp;autoplay=0\" frameborder=\"0\" height=\"0\" sandbox=\"allow-scripts allow-same-origin allow-presentation allow-popups allow-popups-to-escape-sandbox\" scrolling=\"no\" src=\"https:\/\/www.youtube-nocookie.com\/embed\/_cHZvvwwnzY?feature=oembed&#038;iv_load_policy=3&#038;modestbranding=1&#038;rel=0&#038;autohide=1&#038;playsinline=0&#038;autoplay=0\"><\/iframe>\n\n<\/span>\n\n<\/span>\n<script type=\"application\/ld+json\">{\"@context\":\"http:\\\/\\\/schema.org\\\/\",\"@id\":\"https:\\\/\\\/johannesvonbuttlar-schlagzeug.de\\\/?page_id=340#arve-youtube-_chzvvwwnzy69dfe1698a523354668887\",\"type\":\"VideoObject\",\"embedURL\":\"https:\\\/\\\/www.youtube-nocookie.com\\\/embed\\\/_cHZvvwwnzY?feature=oembed&iv_load_policy=3&modestbranding=1&rel=0&autohide=1&playsinline=0&autoplay=0\"}<\/script>\n<\/div>\n\n<\/div><\/figure>\n\n\n\n<div style=\"height:58px\" aria-hidden=\"true\" class=\"wp-block-spacer\"><\/div>\n\n\n\n<figure class=\"wp-block-embed is-type-video is-provider-youtube wp-block-embed-youtube wp-embed-aspect-16-9 wp-has-aspect-ratio\"><div class=\"wp-block-embed__wrapper\">\n<div class=\"arve\" data-mode=\"normal\" data-oembed=\"1\" data-provider=\"youtube\" id=\"arve-youtube-lddnylusi8g69dfe1698bab1665232528\">\n<span class=\"arve-inner\">\n<span class=\"arve-embed arve-embed--has-aspect-ratio\">\n<span class=\"arve-ar\" style=\"padding-top:56.250000%\"><\/span><iframe allow=\"accelerometer; autoplay; clipboard-write; encrypted-media; gyroscope; picture-in-picture\" allowfullscreen class=\"arve-iframe fitvidsignore\" data-arve=\"arve-youtube-lddnylusi8g69dfe1698bab1665232528\" data-src-no-ap=\"https:\/\/www.youtube-nocookie.com\/embed\/LdDnYlusi8g?feature=oembed&amp;iv_load_policy=3&amp;modestbranding=1&amp;rel=0&amp;autohide=1&amp;playsinline=0&amp;autoplay=0\" frameborder=\"0\" height=\"0\" sandbox=\"allow-scripts allow-same-origin allow-presentation allow-popups allow-popups-to-escape-sandbox\" scrolling=\"no\" src=\"https:\/\/www.youtube-nocookie.com\/embed\/LdDnYlusi8g?feature=oembed&#038;iv_load_policy=3&#038;modestbranding=1&#038;rel=0&#038;autohide=1&#038;playsinline=0&#038;autoplay=0\"><\/iframe>\n\n<\/span>\n\n<\/span>\n<script type=\"application\/ld+json\">{\"@context\":\"http:\\\/\\\/schema.org\\\/\",\"@id\":\"https:\\\/\\\/johannesvonbuttlar-schlagzeug.de\\\/?page_id=340#arve-youtube-lddnylusi8g69dfe1698bab1665232528\",\"type\":\"VideoObject\",\"embedURL\":\"https:\\\/\\\/www.youtube-nocookie.com\\\/embed\\\/LdDnYlusi8g?feature=oembed&iv_load_policy=3&modestbranding=1&rel=0&autohide=1&playsinline=0&autoplay=0\"}<\/script>\n<\/div>\n\n<\/div><\/figure>\n\n\n\n<p>Johannes v. Buttlar &#8211; Schlagwerk<\/p>\n\n\n\n<p>Moritz Baumg\u00e4rtner &#8211; Schlagwerk<\/p>\n\n\n\n<p>Steffen Roth &#8211; Schlagwerk<\/p>\n\n\n\n<p>Maximilian Breu &#8211; Schlagwerk<\/p>\n\n\n\n<p>Christian Klein &#8211; Schlagwerk<\/p>\n\n\n\n<p>Tobias Hamann &#8211; Schlagwerk<\/p>\n\n\n\n<p>Vinicius Giusti &#8211; Elektronik<\/p>\n\n\n\n<div style=\"height:64px\" aria-hidden=\"true\" class=\"wp-block-spacer\"><\/div>\n\n\n\n<figure class=\"wp-block-image size-large\"><img loading=\"lazy\" decoding=\"async\" width=\"1024\" height=\"683\" src=\"https:\/\/johannesvonbuttlar-schlagzeug.de\/wp-content\/uploads\/2023\/01\/G0A3769-1024x683.jpg\" alt=\"\" class=\"wp-image-402\" srcset=\"https:\/\/johannesvonbuttlar-schlagzeug.de\/wp-content\/uploads\/2023\/01\/G0A3769-1024x683.jpg 1024w, https:\/\/johannesvonbuttlar-schlagzeug.de\/wp-content\/uploads\/2023\/01\/G0A3769-300x200.jpg 300w, https:\/\/johannesvonbuttlar-schlagzeug.de\/wp-content\/uploads\/2023\/01\/G0A3769-768x512.jpg 768w, https:\/\/johannesvonbuttlar-schlagzeug.de\/wp-content\/uploads\/2023\/01\/G0A3769-1536x1024.jpg 1536w, https:\/\/johannesvonbuttlar-schlagzeug.de\/wp-content\/uploads\/2023\/01\/G0A3769-2048x1365.jpg 2048w\" sizes=\"auto, (max-width: 1024px) 100vw, 1024px\" \/><figcaption class=\"wp-element-caption\">@ jakob adolphi<\/figcaption><\/figure>\n\n\n\n<figure class=\"wp-block-image size-large is-resized\"><img loading=\"lazy\" decoding=\"async\" width=\"1024\" height=\"683\" src=\"https:\/\/johannesvonbuttlar-schlagzeug.de\/wp-content\/uploads\/2023\/01\/G0A3638-1024x683.jpg\" alt=\"\" class=\"wp-image-404\" style=\"width:781px;height:520px\" srcset=\"https:\/\/johannesvonbuttlar-schlagzeug.de\/wp-content\/uploads\/2023\/01\/G0A3638-1024x683.jpg 1024w, https:\/\/johannesvonbuttlar-schlagzeug.de\/wp-content\/uploads\/2023\/01\/G0A3638-300x200.jpg 300w, https:\/\/johannesvonbuttlar-schlagzeug.de\/wp-content\/uploads\/2023\/01\/G0A3638-768x512.jpg 768w, https:\/\/johannesvonbuttlar-schlagzeug.de\/wp-content\/uploads\/2023\/01\/G0A3638-1536x1024.jpg 1536w, https:\/\/johannesvonbuttlar-schlagzeug.de\/wp-content\/uploads\/2023\/01\/G0A3638-2048x1365.jpg 2048w\" sizes=\"auto, (max-width: 1024px) 100vw, 1024px\" \/><figcaption class=\"wp-element-caption\">@ jakob adolphi<\/figcaption><\/figure>\n\n\n\n<figure class=\"wp-block-image size-large\"><img loading=\"lazy\" decoding=\"async\" width=\"1024\" height=\"683\" src=\"https:\/\/johannesvonbuttlar-schlagzeug.de\/wp-content\/uploads\/2023\/01\/G0A3325-1024x683.jpg\" alt=\"\" class=\"wp-image-399\" srcset=\"https:\/\/johannesvonbuttlar-schlagzeug.de\/wp-content\/uploads\/2023\/01\/G0A3325-1024x683.jpg 1024w, https:\/\/johannesvonbuttlar-schlagzeug.de\/wp-content\/uploads\/2023\/01\/G0A3325-300x200.jpg 300w, https:\/\/johannesvonbuttlar-schlagzeug.de\/wp-content\/uploads\/2023\/01\/G0A3325-768x512.jpg 768w, https:\/\/johannesvonbuttlar-schlagzeug.de\/wp-content\/uploads\/2023\/01\/G0A3325-1536x1024.jpg 1536w, https:\/\/johannesvonbuttlar-schlagzeug.de\/wp-content\/uploads\/2023\/01\/G0A3325-2048x1365.jpg 2048w\" sizes=\"auto, (max-width: 1024px) 100vw, 1024px\" \/><figcaption class=\"wp-element-caption\">@ jakob adolphi<\/figcaption><\/figure>\n\n\n\n<figure class=\"wp-block-image size-large\"><img loading=\"lazy\" decoding=\"async\" width=\"1024\" height=\"683\" src=\"https:\/\/johannesvonbuttlar-schlagzeug.de\/wp-content\/uploads\/2023\/01\/G0A3711-1024x683.jpg\" alt=\"\" class=\"wp-image-400\" srcset=\"https:\/\/johannesvonbuttlar-schlagzeug.de\/wp-content\/uploads\/2023\/01\/G0A3711-1024x683.jpg 1024w, https:\/\/johannesvonbuttlar-schlagzeug.de\/wp-content\/uploads\/2023\/01\/G0A3711-300x200.jpg 300w, https:\/\/johannesvonbuttlar-schlagzeug.de\/wp-content\/uploads\/2023\/01\/G0A3711-768x512.jpg 768w, https:\/\/johannesvonbuttlar-schlagzeug.de\/wp-content\/uploads\/2023\/01\/G0A3711-1536x1024.jpg 1536w, https:\/\/johannesvonbuttlar-schlagzeug.de\/wp-content\/uploads\/2023\/01\/G0A3711-2048x1365.jpg 2048w\" sizes=\"auto, (max-width: 1024px) 100vw, 1024px\" \/><figcaption class=\"wp-element-caption\">@ jakob adolphi<\/figcaption><\/figure>\n\n\n\n<figure class=\"wp-block-image size-large\"><img loading=\"lazy\" decoding=\"async\" width=\"1024\" height=\"683\" src=\"https:\/\/johannesvonbuttlar-schlagzeug.de\/wp-content\/uploads\/2023\/01\/G0A3735-1024x683.jpg\" alt=\"\" class=\"wp-image-417\" srcset=\"https:\/\/johannesvonbuttlar-schlagzeug.de\/wp-content\/uploads\/2023\/01\/G0A3735-1024x683.jpg 1024w, https:\/\/johannesvonbuttlar-schlagzeug.de\/wp-content\/uploads\/2023\/01\/G0A3735-300x200.jpg 300w, https:\/\/johannesvonbuttlar-schlagzeug.de\/wp-content\/uploads\/2023\/01\/G0A3735-768x512.jpg 768w, https:\/\/johannesvonbuttlar-schlagzeug.de\/wp-content\/uploads\/2023\/01\/G0A3735-1536x1024.jpg 1536w, https:\/\/johannesvonbuttlar-schlagzeug.de\/wp-content\/uploads\/2023\/01\/G0A3735-2048x1365.jpg 2048w\" sizes=\"auto, (max-width: 1024px) 100vw, 1024px\" \/><figcaption class=\"wp-element-caption\">@ jakob adolphi<\/figcaption><\/figure>\n\n\n\n<figure class=\"wp-block-image size-large\"><img loading=\"lazy\" decoding=\"async\" width=\"1024\" height=\"683\" src=\"https:\/\/johannesvonbuttlar-schlagzeug.de\/wp-content\/uploads\/2023\/01\/G0A3644-Kopie-1024x683.jpg\" alt=\"\" class=\"wp-image-419\" srcset=\"https:\/\/johannesvonbuttlar-schlagzeug.de\/wp-content\/uploads\/2023\/01\/G0A3644-Kopie-1024x683.jpg 1024w, https:\/\/johannesvonbuttlar-schlagzeug.de\/wp-content\/uploads\/2023\/01\/G0A3644-Kopie-300x200.jpg 300w, https:\/\/johannesvonbuttlar-schlagzeug.de\/wp-content\/uploads\/2023\/01\/G0A3644-Kopie-768x512.jpg 768w, https:\/\/johannesvonbuttlar-schlagzeug.de\/wp-content\/uploads\/2023\/01\/G0A3644-Kopie-1536x1024.jpg 1536w, https:\/\/johannesvonbuttlar-schlagzeug.de\/wp-content\/uploads\/2023\/01\/G0A3644-Kopie-2048x1365.jpg 2048w\" sizes=\"auto, (max-width: 1024px) 100vw, 1024px\" \/><figcaption class=\"wp-element-caption\">@ Jakob Adolphi<\/figcaption><\/figure>\n\n\n\n<figure class=\"wp-block-image size-large is-resized\"><img loading=\"lazy\" decoding=\"async\" width=\"716\" height=\"1024\" src=\"https:\/\/johannesvonbuttlar-schlagzeug.de\/wp-content\/uploads\/2022\/08\/JVBIPS22-final1-1-716x1024.png\" alt=\"\" class=\"wp-image-360\" style=\"width:547px;height:782px\" srcset=\"https:\/\/johannesvonbuttlar-schlagzeug.de\/wp-content\/uploads\/2022\/08\/JVBIPS22-final1-1-716x1024.png 716w, https:\/\/johannesvonbuttlar-schlagzeug.de\/wp-content\/uploads\/2022\/08\/JVBIPS22-final1-1-210x300.png 210w, https:\/\/johannesvonbuttlar-schlagzeug.de\/wp-content\/uploads\/2022\/08\/JVBIPS22-final1-1-768x1098.png 768w, https:\/\/johannesvonbuttlar-schlagzeug.de\/wp-content\/uploads\/2022\/08\/JVBIPS22-final1-1-1074x1536.png 1074w, https:\/\/johannesvonbuttlar-schlagzeug.de\/wp-content\/uploads\/2022\/08\/JVBIPS22-final1-1-1433x2048.png 1433w\" sizes=\"auto, (max-width: 716px) 100vw, 716px\" \/><\/figure>\n\n\n\n<p><\/p>\n\n\n\n<p><strong>Johannes von Buttlar\u00b4s Improvising Percussion Sextett <\/strong>vereint sechs Schlagzeugindividualisten aus dem deutschen Raum. Im Rahmen der 10.Tage der Industriekultur Leipzig im Bergbau Technik Park Markkleeberg und des Tages des offenen Denkmals im Industriemuseum Brandenburg wird ein reichhaltiges Instrumentarium gef\u00fchlt, angetippt, gestrichen, geschlagen, geh\u00e4mmert, gedreht, geschoben, gezogen, (und noch zig andere Bewegungsweisen aus industriellen Fertigungsprozessen).<\/p>\n\n\n\n<p>Hier soll es aber nicht bei immer gleichen Bewegungsabl\u00e4ufen bleiben &#8211; wie es die Industrialisierung von ihren \u00fcberm\u00fcdeten Arbeitskr\u00e4ften forderte &#8211; sondern eine moderne und basisdemokratische Herangehensweise geben, bei der einander zugeh\u00f6rt, auf einander eingegangen wird und im Miteinander Echtzeitkompositionen erschaffen werden. Industriemaschinen und Anlagen haben ihre Faszination nie eingeb\u00fc\u00dft. Nach ihrer Stilllegung bieten sie inspirierende R\u00e4ume und verleiten zum Staunen, Tr\u00e4umen und Nachdenken &#8211; Diesen Facetten, die \u00fcber den reinen Produktionsprozess hinausgehen, widmet sich JVB IPS.<\/p>\n\n\n\n<p><\/p>\n\n\n\n<p><\/p>\n\n\n\n<p><strong>Konzerte<\/strong><\/p>\n\n\n\n<p>Freitag 9.September 2022 <a href=\"http:\/\/kulturnhalle-leipzig.de\/?page_id=219\">20Uhr Kulturnhalle Leipzig<\/a><\/p>\n\n\n\n<p>Samstag 10.September 2022 <a rel=\"noreferrer noopener\" href=\"https:\/\/www.industriekulturtag-leipzig.de\/veranstaltungen\/mind-world-industriekulturfestival-im-bergbau-technik-park-10-09-2022-10-00-2-00-uhr\/\" target=\"_blank\">20Uhr Bergbau Technik Park Markkleeberg<\/a><\/p>\n\n\n\n<p>Sonntag 11.September 2022 <a href=\"https:\/\/www.industriemuseum-brandenburg.de\/veranstaltungen\/aktuelle-termine\" target=\"_blank\" rel=\"noreferrer noopener\">19Uhr Industriemuseum Brandenburg<\/a><\/p>\n\n\n\n<p>Samstag 4.Mai 2024 <a href=\"https:\/\/www.stiftung-voelkerschlachtdenkmal-leipzig.de\/\">20Uhr und 22Uhr V\u00f6lkerschlachtdenkmal Leipzig<\/a><\/p>\n\n\n\n<div style=\"height:125px\" aria-hidden=\"true\" class=\"wp-block-spacer\"><\/div>\n","protected":false},"excerpt":{"rendered":"<p>JVB IPS `Johannes v. Buttlar Improvising Percussion Sextett\u00b4 vereint sechs Schlagzeuger aus dem deutschen Raum. Sie teilen Ihre gemeinsame Vorliebe f\u00fcr die Welt der Percussion und f\u00fcr improvisierte\/ konzipierte Musik. Das Bespielen imposanter Industriekultur St\u00e4tten&hellip; <\/p>\n<p><a class=\"more-link\" href=\"https:\/\/johannesvonbuttlar-schlagzeug.de\/?page_id=340\">Improvising Percussion Sextett weiterlesen<\/a><\/p>\n","protected":false},"author":1,"featured_media":0,"parent":0,"menu_order":0,"comment_status":"closed","ping_status":"closed","template":"","meta":{"footnotes":""},"class_list":["post-340","page","type-page","status-publish","hentry"],"_links":{"self":[{"href":"https:\/\/johannesvonbuttlar-schlagzeug.de\/index.php?rest_route=\/wp\/v2\/pages\/340","targetHints":{"allow":["GET"]}}],"collection":[{"href":"https:\/\/johannesvonbuttlar-schlagzeug.de\/index.php?rest_route=\/wp\/v2\/pages"}],"about":[{"href":"https:\/\/johannesvonbuttlar-schlagzeug.de\/index.php?rest_route=\/wp\/v2\/types\/page"}],"author":[{"embeddable":true,"href":"https:\/\/johannesvonbuttlar-schlagzeug.de\/index.php?rest_route=\/wp\/v2\/users\/1"}],"replies":[{"embeddable":true,"href":"https:\/\/johannesvonbuttlar-schlagzeug.de\/index.php?rest_route=%2Fwp%2Fv2%2Fcomments&post=340"}],"version-history":[{"count":70,"href":"https:\/\/johannesvonbuttlar-schlagzeug.de\/index.php?rest_route=\/wp\/v2\/pages\/340\/revisions"}],"predecessor-version":[{"id":708,"href":"https:\/\/johannesvonbuttlar-schlagzeug.de\/index.php?rest_route=\/wp\/v2\/pages\/340\/revisions\/708"}],"wp:attachment":[{"href":"https:\/\/johannesvonbuttlar-schlagzeug.de\/index.php?rest_route=%2Fwp%2Fv2%2Fmedia&parent=340"}],"curies":[{"name":"wp","href":"https:\/\/api.w.org\/{rel}","templated":true}]}}